{"id":3,"date":"2024-10-16T12:19:56","date_gmt":"2024-10-16T12:19:56","guid":{"rendered":"https:\/\/odvorci.hr\/shop\/?page_id=3"},"modified":"2024-10-17T13:18:02","modified_gmt":"2024-10-17T13:18:02","slug":"pravila-privatnosti","status":"publish","type":"page","link":"https:\/\/odvorci.hr\/shop\/pravila-privatnosti\/","title":{"rendered":"Pravila privatnosti"},"content":{"rendered":"\n<h3 class=\"wp-block-heading\">Pravila privatnosti<\/h3>\n\n\n\n<p>Ovom izjavom se TENKAI, obrt za marketing, obvezuje da \u0107e za\u0161tititi privatnost korisnika, kupaca i posjetitelja na\u0161e web stranice i sigurnost osobnih podataka koje nam pru\u017eaju putem web stranice.<\/p>\n\n\n\n<p>Ova obavijest opisuje vrstu informacija koje mo\u017eemo prikupiti od Kupca kada posjeti na\u0161u web stranicu i obja\u0161njava kako upotrebljavamo te podatke i korake koje poduzimamo da bismo Kupca za\u0161titili. Obavijest tako\u0111er opisuje izbore koje Kupac ima u vezi s prikupljanjem i kori\u0161tenjem podataka prilikom posjete na\u0161oj web stranici.<\/p>\n\n\n\n<h3 class=\"wp-block-heading\">Koje informacije prikupljamo o Kupcu i kako ih koristimo?<\/h3>\n\n\n\n<p>Op\u0107enito, Kupac mo\u017ee posjetiti na\u0161u web stranicu bez otkrivanja osobnih podataka o sebi. Ne prikupljamo osobne podatke o Kupcu (kao \u0161to su ime i pojedinosti o kontaktu) kada Kupac posjeti ovu web stranicu, osim ako dobrovoljno ne po\u0161alje podatke pomo\u0107u jednog od dostupnih obrazaca za odre\u0111enu svrhu (kontakt obrazac, registracijski obrazac, obrazac za kupovinu) i time da svoju privolu na prikupljanje i kori\u0161tenje osobnih podataka u navedene svrhe.<\/p>\n\n\n\n<p>Svi osobni podaci koriste se isklju\u010divo u svrhe radi koje su prikupljeni i za koje je dana privola. Privolu za obradu osobnih podataka mogu dati osobe s navr\u0161enih 16 godina ili vi\u0161e, dok za osobe mla\u0111e od 16 privolu mo\u017ee dati roditelj ili skrbnik. Prikupljene podatke ne\u0107emo ni na koji na\u010din u\u010diniti dostupnima neovla\u0161tenim tre\u0107im osobama, osim u zakonom propisanu svrhu. Svi podaci se bri\u0161u nakon prestanka svrhe za koju su prikupljeni, odnosno prestankom ugovornog odnosa, a najkasnije po isteku svih zakonskih obveza povezanih s \u010duvanjem osobnih podataka.<\/p>\n\n\n\n<h3 class=\"wp-block-heading\">Dodatne okolnosti dijeljenja informacija<\/h3>\n\n\n\n<ol class=\"wp-block-list\">\n<li><strong>Pru\u017eanje informacija Google Inc.<\/strong> Google prikuplja informacije putem na\u0161e upotrebe usluge Google Analytics na na\u0161oj web stranici. Google koristi ove informacije, uklju\u010duju\u0107i IP adrese i podatke iz kola\u010di\u0107a, u vi\u0161e svrha, kao \u0161to je pobolj\u0161anje usluge Google Analytics. Informacije se dijele s Googleom na anonimnoj osnovi. Da biste saznali vi\u0161e o tome koje informacije Google prikuplja, kako upotrebljava te informacije i kako kontrolirati informacije poslane Googleu, pogledajte stranicu partnera Googleovih pravila o privatnosti. Mo\u017eete se isklju\u010diti iz usluge Google Analytics tako da instalirate sljede\u0107i dodatak pregledniku: <a href=\"https:\/\/tools.google.com\/dlpage\/gaoptout\">https:\/\/tools.google.com\/dlpage\/gaoptout<\/a><\/li>\n\n\n\n<li><strong>Ra\u010dunovodstvo<\/strong> U poreznu svrhu podatke dijelimo s na\u0161im ra\u010dunovodstvom. Na primjer, dijelimo fakture koje izdajemo i primamo kod na\u0161ih ra\u010dunovo\u0111a u svrhu popunjavanja poreznih prijava i ra\u010duna na kraju godine.<\/li>\n<\/ol>\n\n\n\n<h3 class=\"wp-block-heading\">Vrste osobnih podataka koji se obra\u0111uju<\/h3>\n\n\n\n<ul class=\"wp-block-list\">\n<li>Osobni podaci koji se prikupljaju temeljem prijave Kupca na newsletter su: e-mail adresa.<\/li>\n\n\n\n<li>Osobni podaci koji se prikupljaju temeljem registracijskog obrasca i obrasca za kupovinu: ime i prezime, e-mail, adresa, grad i po\u0161tanski broj, dr\u017eava, broj telefona.<\/li>\n<\/ul>\n\n\n\n<h3 class=\"wp-block-heading\">Informacije koje se automatski prikupljaju na na\u0161oj web stranici<\/h3>\n\n\n\n<p>Automatski prikupljamo informacije u log datotekama poslu\u017eitelja, kao \u0161to je IP adresa Kupca, vrsta preglednika, stranice za preusmjeravanje \/ izlazak i operativni sustav. Koristimo ove informacije kako bismo upravljali na\u0161im web stranicama i na\u0161im tehni\u010dkim rje\u0161enjima, razumjeli kako se posjetitelji kre\u0107u kroz na\u0161u web stranicu i usluge te da pobolj\u0161amo iskustvo Kupca dok koristi na\u0161e web stranice i usluge.<\/p>\n\n\n\n<h3 class=\"wp-block-heading\">Pristup i a\u017euriranje osobnih podataka Kupca<\/h3>\n\n\n\n<p>Na\u0161 korisnik u svakom trenutku ima sljede\u0107a prava:<\/p>\n\n\n\n<ul class=\"wp-block-list\">\n<li>pravo na pristup podacima i uvid u podatke<\/li>\n\n\n\n<li>pravo na informiranost o obradi osobnih podataka<\/li>\n\n\n\n<li>pravo na prenosivost podataka<\/li>\n\n\n\n<li>pravo na povla\u010denje privole<\/li>\n\n\n\n<li>pravo na podno\u0161enje prigovora<\/li>\n\n\n\n<li>pravo na ispravak i promjenu osobnih podataka u slu\u010daju ako su podaci nepotpuni ili neto\u010dni<\/li>\n\n\n\n<li>pravo na brisanje u slu\u010dajevima kao \u0161to su prestanak svrhe obrade, povla\u010denje privole ili u slu\u010daju podno\u0161enja prigovora<\/li>\n<\/ul>\n\n\n\n<p>Ako Kupac \u017eeli ostvariti neko od navedenih prava, potrebno nas je kontaktirati putem kontakt forme na na\u0161oj web stranici ili putem e-maila <a href=\"mailto:klara@tenkai.hr\">klara@tenkai.hr<\/a>.<\/p>\n\n\n\n<h3 class=\"wp-block-heading\">Sigurnost osobnih podataka Kupca<\/h3>\n\n\n\n<p>Predani smo poduzimanju odgovaraju\u0107ih tehni\u010dkih i organizacijskih mjera za za\u0161titu osobnih podataka Kupca od neovla\u0161tenog ili nezakonitog postupanja s njima i od njihovog slu\u010dajnog gubitka, uni\u0161tenja ili o\u0161te\u0107enja. Prilikom davanja osobnih podataka Kupca putem na\u0161e web stranice, ove se informacije \u0161alju putem interneta sigurno pomo\u0107u visokokvalitetnih \u0161ifriranja i spremaju na na\u0161e sigurne servere koji se nalaze u EU.<\/p>\n\n\n\n<h3 class=\"wp-block-heading\">Kontakt informacije<\/h3>\n\n\n\n<p>TENKAI, obrt za marketing, vl. Klara Tuli\u010di\u0107 <br>Adresa: Omladinska 5, 35253 Brodski Stupnik, Hrvatska <br>OIB: 62046734503 <br>E-mail: <a href=\"mailto:klara@tenkai.hr\">klara@tenkai.hr<\/a><\/p>\n","protected":false},"excerpt":{"rendered":"<p>Pravila privatnosti Ovom izjavom se TENKAI, obrt za marketing, obvezuje da \u0107e za\u0161tititi privatnost korisnika, kupaca i posjetitelja na\u0161e web stranice i sigurnost osobnih podataka koje nam pru\u017eaju putem web stranice. Ova obavijest opisuje vrstu informacija koje mo\u017eemo prikupiti od Kupca kada posjeti na\u0161u web stranicu i obja\u0161njava kako upotrebljavamo te podatke i korake koje [&hellip;]<\/p>\n","protected":false},"author":1,"featured_media":0,"parent":0,"menu_order":0,"comment_status":"closed","ping_status":"closed","template":"","meta":{"_uag_custom_page_level_css":"","site-sidebar-layout":"default","site-content-layout":"","ast-site-content-layout":"default","site-content-style":"default","site-sidebar-style":"default","ast-global-header-display":"","ast-banner-title-visibility":"","ast-main-header-display":"","ast-hfb-above-header-display":"","ast-hfb-below-header-display":"","ast-hfb-mobile-header-display":"","site-post-title":"","ast-breadcrumbs-content":"","ast-featured-img":"","footer-sml-layout":"","theme-transparent-header-meta":"","adv-header-id-meta":"","stick-header-meta":"","header-above-stick-meta":"","header-main-stick-meta":"","header-below-stick-meta":"","astra-migrate-meta-layouts":"set","ast-page-background-enabled":"default","ast-page-background-meta":{"desktop":{"background-color":"","background-image":"","background-repeat":"repeat","background-position":"center center","background-size":"auto","background-attachment":"scroll","background-type":"","background-media":"","overlay-type":"","overlay-color":"","overlay-opacity":"","overlay-gradient":""},"tablet":{"background-color":"","background-image":"","background-repeat":"repeat","background-position":"center center","background-size":"auto","background-attachment":"scroll","background-type":"","background-media":"","overlay-type":"","overlay-color":"","overlay-opacity":"","overlay-gradient":""},"mobile":{"background-color":"","background-image":"","background-repeat":"repeat","background-position":"center center","background-size":"auto","background-attachment":"scroll","background-type":"","background-media":"","overlay-type":"","overlay-color":"","overlay-opacity":"","overlay-gradient":""}},"ast-content-background-meta":{"desktop":{"background-color":"var(--ast-global-color-5)","background-image":"","background-repeat":"repeat","background-position":"center center","background-size":"auto","background-attachment":"scroll","background-type":"","background-media":"","overlay-type":"","overlay-color":"","overlay-opacity":"","overlay-gradient":""},"tablet":{"background-color":"var(--ast-global-color-5)","background-image":"","background-repeat":"repeat","background-position":"center center","background-size":"auto","background-attachment":"scroll","background-type":"","background-media":"","overlay-type":"","overlay-color":"","overlay-opacity":"","overlay-gradient":""},"mobile":{"background-color":"var(--ast-global-color-5)","background-image":"","background-repeat":"repeat","background-position":"center center","background-size":"auto","background-attachment":"scroll","background-type":"","background-media":"","overlay-type":"","overlay-color":"","overlay-opacity":"","overlay-gradient":""}},"footnotes":""},"class_list":["post-3","page","type-page","status-publish","hentry"],"uagb_featured_image_src":{"full":false,"thumbnail":false,"medium":false,"medium_large":false,"large":false,"1536x1536":false,"2048x2048":false,"woocommerce_thumbnail":false,"woocommerce_single":false,"woocommerce_gallery_thumbnail":false},"uagb_author_info":{"display_name":"admin","author_link":"https:\/\/odvorci.hr\/shop\/author\/odvorci-webmaster\/"},"uagb_comment_info":0,"uagb_excerpt":"Pravila privatnosti Ovom izjavom se TENKAI, obrt za marketing, obvezuje da \u0107e za\u0161tititi privatnost korisnika, kupaca i posjetitelja na\u0161e web stranice i sigurnost osobnih podataka koje nam pru\u017eaju putem web stranice. Ova obavijest opisuje vrstu informacija koje mo\u017eemo prikupiti od Kupca kada posjeti na\u0161u web stranicu i obja\u0161njava kako upotrebljavamo te podatke i korake koje&hellip;","_links":{"self":[{"href":"https:\/\/odvorci.hr\/shop\/wp-json\/wp\/v2\/pages\/3","targetHints":{"allow":["GET"]}}],"collection":[{"href":"https:\/\/odvorci.hr\/shop\/wp-json\/wp\/v2\/pages"}],"about":[{"href":"https:\/\/odvorci.hr\/shop\/wp-json\/wp\/v2\/types\/page"}],"author":[{"embeddable":true,"href":"https:\/\/odvorci.hr\/shop\/wp-json\/wp\/v2\/users\/1"}],"replies":[{"embeddable":true,"href":"https:\/\/odvorci.hr\/shop\/wp-json\/wp\/v2\/comments?post=3"}],"version-history":[{"count":2,"href":"https:\/\/odvorci.hr\/shop\/wp-json\/wp\/v2\/pages\/3\/revisions"}],"predecessor-version":[{"id":1982,"href":"https:\/\/odvorci.hr\/shop\/wp-json\/wp\/v2\/pages\/3\/revisions\/1982"}],"wp:attachment":[{"href":"https:\/\/odvorci.hr\/shop\/wp-json\/wp\/v2\/media?parent=3"}],"curies":[{"name":"wp","href":"https:\/\/api.w.org\/{rel}","templated":true}]}}